{"id":550,"date":"2025-04-25T13:45:33","date_gmt":"2025-04-25T11:45:33","guid":{"rendered":"https:\/\/pchlitarggdansk.pl\/?page_id=550"},"modified":"2026-02-15T16:36:06","modified_gmt":"2026-02-15T15:36:06","slug":"regulamin-pchlego-targu-z-kufra","status":"publish","type":"page","link":"http:\/\/pchlitarggdansk.pl\/index.php\/regulamin-pchlego-targu-z-kufra\/","title":{"rendered":"Regulamin Targu &#8222;Pchli Targ w Oliwie&#8221;"},"content":{"rendered":"<p><b>\u00a0<\/b><\/p>\n<p><b>I<\/b><b> <\/b><b>Informacje og\u00f3lne<\/b><b><\/b><\/p>\n<ol>\n<li>Organizatorem Targu \u201ePchli Targ w Oliwie\u201d, okre\u015blanego dalej jako Pchli Targ, jest Micha\u0142 Bojanowski\/podmiot gospodarczy prowadz\u0105cy dzia\u0142alno\u015b\u0107 gospodarcz\u0105 pn. Z KUFRA, NIP 8461419741, REGON 541436046 (zwany dalej \u201eOrganizatorem\u201d).<\/li>\n<li>Niniejszy Regulamin obowi\u0105zuje na ca\u0142ym terenie Targu i dotyczy wszystkich os\u00f3b przebywaj\u0105cych na jego terenie, oraz rzeczy w ramach oferowanego asortymentu lub \u015bwiadcze\u0144 zwi\u0105zanych z Targiem.<\/li>\n<li>Podmioty korzystaj\u0105ce z Targu (dalej zwane \u201eU\u017cytkownikami\u201d), w tym osoby prowadz\u0105ce dzia\u0142alno\u015b\u0107 handlow\u0105 na terenie Targu jako sprzedawcy (dalej zwani \u201eSprzedawcami\u201d) i ich kontrahenci (dalej zwani \u201eKupuj\u0105cymi\u201d), korzystaj\u0105 i przebywaj\u0105 na terenie Targu w imieniu w\u0142asnym, na w\u0142asny koszt i ryzyko.<\/li>\n<li>U\u017cytkownicy Targu, z chwil\u0105 wej\u015bcia na teren Targu, akceptuj\u0105 niniejszy Regulamin i stan infrastruktury Targu. U\u017cytkownicy maj\u0105 prawo korzystania z Targu w terminach wskazanych przez Organizatora na warunkach niniejszego Regulaminu, w tym do korzystania z us\u0142ug innych U\u017cytkownik\u00f3w oraz infrastruktury Targu na zasadach okre\u015blonych w powszechnie obowi\u0105zuj\u0105cych przepisach prawa (przepis\u00f3w Kodeksu Cywilnego, niniejszego Regulamin), przy zachowaniu nale\u017cytej staranno\u015bci o zdrowie i mienie w\u0142asne, innych U\u017cytkownik\u00f3w oraz zasad wsp\u00f3\u0142\u017cycia spo\u0142ecznego i dobrych zwyczaj\u00f3w kupieckich.<\/li>\n<li>Pchli Targ w Oliwie odbywa si\u0119 w ka\u017cd\u0105 niedziel\u0119, pocz\u0105wszy od 27 kwietnia 2025 roku w godzinach 9-15 na terenie Rynku w Oliwie przy ulicy Polanki 1a.<\/li>\n<li>Celem Targu jest umo\u017cliwienie <b>sprzeda\u017cy<\/b> lub wymiany przedmiot\u00f3w przez osoby prywatne, g\u0142\u00f3wnie <b>rzeczy<\/b> <b>u\u017cywanych<\/b> lub niepotrzebnych.<\/li>\n<li>Przez osoby prywatne, o kt\u00f3rych mowa w pkt 6, nale\u017cy rozumie\u0107 osoby fizyczne, osoby prawne oraz jednostki organizacyjne nieposiadaj\u0105ce osobowo\u015bci prawnej, kt\u00f3re nie prowadz\u0105 dzia\u0142alno\u015bci gospodarczej w zakresie okre\u015blonym w pkt 6.<\/li>\n<li>Organizator dopuszcza mo\u017cliwo\u015b\u0107 uczestnictwa podmiot\u00f3w gospodarczych, w tym os\u00f3b fizycznych prowadz\u0105cych dzia\u0142alno\u015b\u0107 handlow\u0105 i us\u0142ugow\u0105 jako Sprzedawc\u00f3w na Targu, jednak ka\u017cdorazowo na podstawie indywidualnej zgody Organizatora.<\/li>\n<\/ol>\n<p><b>II Warunki uczestnictwa<\/b><b><\/b><\/p>\n<ol>\n<li>Sprzedawcy organizuj\u0105 swoje stanowiska w miejscu wyznaczonym przez Organizatora. Sprzeda\u017c\/wymiana towar\u00f3w poza wyznaczonym terenem jest zabroniona. Ilo\u015b\u0107 miejsc ekspozycyjnych jest ograniczona, dlatego decyduje kolejno\u015b\u0107 zg\u0142osze\u0144. Maksymalna wielko\u015b\u0107 stoiska to 9 m2 (kwadrat o wymiarach 3m x 3m).<\/li>\n<li>Sprzedawca we w\u0142asnym zakresie przygotowuje miejsce ekspozycji sprzedawanych przedmiot\u00f3w, np.: koc, stolik, krzes\u0142o, wieszak, zadaszenie, parasol, itp.<\/li>\n<li><i>Osoby niepe\u0142noletnie <\/i>mog\u0105 posiada\u0107 w\u0142asne stoisko jedynie pod nadzorem osoby doros\u0142ej. Odpowiedzialno\u015b\u0107 za bezpiecze\u0144stwo niepe\u0142noletnich, ich dzia\u0142ania i zaniechania ponosz\u0105 ich rodzice lub opiekunowie.<\/li>\n<li>Katalog przyk\u0142adowych przedmiot\u00f3w, kt\u00f3re mog\u0105 by\u0107 wystawione na Targu: <i>ksi\u0105\u017cki, p\u0142yty, gry, filmy, antyki, odzie\u017c, bi\u017cuteria, galanteria domowa, wyroby dekoracyjne, sprz\u0119t RTV i AGD, aparaty fotograficzne, instrumenty, artyku\u0142y i rekwizyty militarne, r\u0119kodzie\u0142o, przedmioty kolekcjonerskie<\/i>.<\/li>\n<li>Na sprzeda\u017c innych przedmiot\u00f3w, niewykazanych w pkt 12 (zw\u0142aszcza przedmiot\u00f3w nowych &#8211; w fabrycznych opakowaniach lub w ilo\u015bciach wskazuj\u0105cych na nie-detaliczny charakter stoiska) <b>ka\u017cdorazowo<\/b> <b>wymagana jest zgoda Organizatora<\/b>.<\/li>\n<li>Organizator zastrzega sobie prawo do wy\u0142\u0105czenia ze stoiska artyku\u0142\u00f3w, kt\u00f3re wed\u0142ug Organizatora s\u0105 niezgodne z charakterem Pchlego Targu w Oliwie.<\/li>\n<li>Uczestnicy Targu zobowi\u0105zani s\u0105 stosowa\u0107 si\u0119 do polece\u0144 porz\u0105dkowych Organizatora i s\u0142u\u017cb porz\u0105dkowych.<\/li>\n<li><b>Parkowanie pojazd\u00f3w<\/b> (z wyj\u0105tkiem pojazd\u00f3w wskazanych przez Organizatora) na terenie Targu <b>jest zabronione<\/b> (o czym informuje odpowiednie oznakowanie terenu Targu).<\/li>\n<li>Je\u015bli pomimo obowi\u0105zuj\u0105cego zakazu parkowania, lub wbrew woli i polece\u0144 Organizatora kierowca zdecyduje si\u0119 pozostawi\u0107 pojazd na terenie Targu, kierowca zobowi\u0105zuje si\u0119 do wniesienia op\u0142aty w wysoko\u015bci 123 z\u0142 brutto za ka\u017cd\u0105 rozpocz\u0119t\u0105 godzin\u0119 postoju pojazdu utrudniaj\u0105cego korzystanie z Targu pozosta\u0142ym U\u017cytkownikom.<\/li>\n<li>Po zako\u0144czeniu dzia\u0142alno\u015bci stoiska Sprzedawca zobowi\u0105zany jest do uprz\u0105tni\u0119cia zajmowanego miejsca handlowego i posprz\u0105tania odpad\u00f3w w jego obr\u0119bie. Bezwzgl\u0119dnie zabrania si\u0119 pozostawiania odpad\u00f3w gabarytowych lub wyrzucania do pojemnik\u00f3w na \u015bmieci udost\u0119pnionych przez Organizatora zb\u0119dnych opakowa\u0144, karton\u00f3w, skrzynek, folii, szk\u0142a itp. Sprzedawca zobowi\u0105zany jest do ich usuni\u0119cia z terenu Targu na w\u0142asny koszt. W szczeg\u00f3lnych wypadkach Organizator mo\u017ce na\u0142o\u017cy\u0107 op\u0142at\u0119 przeznaczon\u0105 na pokrycie koszt\u00f3w uprz\u0105tni\u0119cia stoiska &#8211; w wysoko\u015bci 25 z\u0142 brutto.<\/li>\n<li>Sprzedawc\u00f3w obowi\u0105zuj\u0105 nast\u0119puj\u0105ce <b>op\u0142aty (<\/b>brutto):<\/li>\n<\/ol>\n<ul>\n<li>a) <b>5 z\u0142\/m2<\/b> stoiska \u2013bez uprzedniej rezerwacji (maks. 3 metr\u00f3w kwadratowych)<\/li>\n<li>b) <b>1 z\u0142\/m2<\/b> stoiska \u2013 dzieci do lat 13 (maks. 2 metry kwadratowe)<\/li>\n<li>c) <b>1 z\u0142\/m2<\/b> stoiska \u2013 seniorzy powy\u017cej 60 lat (maks. 2 metry kwadratowe)<\/li>\n<li>d) <b>10 z\u0142\/m2<\/b> stoiska \u2013 w przypadku stoiska z rezerwacj\u0105 miejsc (maks. 9 m2)<\/li>\n<li>e) <b>20 z\u0142\/m2<\/b> stoiska \u2013 sprzeda\u017c przedmiot\u00f3w z kategorii:<\/li>\n<\/ul>\n<p>R\u0118KODZIE\u0141O, BI\u017bUTERIA, ZDROWA \u017bYWNO\u015a\u0106 (maks. 9 metry kwadratowe)<\/p>\n<ul>\n<li>f) <b>123 z\u0142\/stoisko<\/b> foodtruck (samoch\u00f3d w miejscu wyznaczonym przez Organizatora oraz przylegaj\u0105cy do niego teren na stoliki i krzes\u0142a)<\/li>\n<li>g) <b>1 z\u0142\/stoisko<\/b> &#8211; organizacje spo\u0142eczne lub charytatywne (maks. 2 m2)<\/li>\n<\/ul>\n<p><b>III Postanowienia ko\u0144cowe<\/b><b><\/b><\/p>\n<ol>\n<li>Organizator nie odpowiada za zawarte transakcje. Wszelkie zobowi\u0105zania za transakcje zawierane na kwot\u0119 wy\u017csz\u0105 ni\u017c zwolnienia od podatku, ponosz\u0105 strony umowy cywilnoprawnej jak\u0105 jest kupno i sprzeda\u017c.<\/li>\n<li>Organizator nie ponosi odpowiedzialno\u015bci za uszkodzenia wystawianych przedmiot\u00f3w: przed, po i w trakcie trwania Targu.<\/li>\n<li>Organizator nie odpowiada za szkody spowodowane kradzie\u017c\u0105, wandalizmem, dzia\u0142aniem si\u0142 przyrody i innymi przyczynami losowymi.<\/li>\n<li>Organizator dok\u0142ada wszelkich stara\u0144, aby organizowa\u0107 Targ w spos\u00f3b przyjazny dla uczestnik\u00f3w i odwiedzaj\u0105cych, nie jest jednak zobowi\u0105zany do uwzgl\u0119dniania wskaza\u0144 czy szczeg\u00f3lnych oczekiwa\u0144, je\u017celi mog\u0142yby one wp\u0142ywa\u0107 negatywnie na porz\u0105dek, bezpiecze\u0144stwo czy dobr\u0105 organizacj\u0119.<\/li>\n<li><b>Uczestnictwo w Targu, z chwil\u0105 wej\u015bcia na teren Targu, jest r\u00f3wnoznaczne z akceptacj\u0105 niniejszego Regulaminu, oraz z wyra\u017ceniem zgody na wykorzystanie wizerunku na potrzeby dzia\u0142a\u0144 informacyjnych i promocyjnych prowadzonych przez Organizatora.<\/b><b><\/b><\/li>\n<li>Ze wzgl\u0119du na ograniczon\u0105 ilo\u015b\u0107 miejsc ekspozycyjnych, Organizator ka\u017cdorazowo decyduje o ich rozmieszczeniu, rozmiarze i warunkach udost\u0119pnienia do korzystania, wykluczaj\u0105c w tym zakresie jakiekolwiek roszczenia U\u017cytkownik\u00f3w.<\/li>\n<li>Organizator ma prawo wydania sta\u0142ego lub okresowego zakazu wst\u0119pu na teren Targu oraz zakazu prowadzenia dzia\u0142alno\u015bci w przypadkach, kt\u00f3re uzna za uzasadnione &#8211; bez obowi\u0105zku pokrycia szkody, w tym w przypadku \u0142amania warunk\u00f3w ustalonych w niniejszym Regulaminie.<\/li>\n<li>Organizator ma prawo do dokonywania zmian w Regulaminie bez podawania przyczyny. W kwestiach nienazwanych w Regulaminie decyduje Organizator.<\/li>\n<li>Ostateczna i wi\u0105\u017c\u0105ca interpretacja Regulaminu nale\u017cy do Organizatora.<\/li>\n<\/ol>\n<p>Organizator: Micha\u0142 Bojanowski Z KUFRA<\/p>\n<p>Gda\u0144sk Oliwa, 15.04.2025.<\/p>\n<p><b>\u00a0<\/b><\/p>\n","protected":false},"excerpt":{"rendered":"<p>\u00a0 I Informacje og\u00f3lne Organizatorem Targu \u201ePchli Targ w Oliwie\u201d, okre\u015blanego dalej jako Pchli Targ, jest Micha\u0142 Bojanowski\/podmiot gospodarczy prowadz\u0105cy dzia\u0142alno\u015b\u0107 gospodarcz\u0105 pn. Z KUFRA, NIP 8461419741, REGON 541436046 (zwany dalej \u201eOrganizatorem\u201d). Niniejszy Regulamin obowi\u0105zuje na ca\u0142ym terenie Targu i dotyczy wszystkich os\u00f3b przebywaj\u0105cych na jego terenie, oraz rzeczy w ramach oferowanego asortymentu lub \u015bwiadcze\u0144&hellip; <br \/> <a class=\"read-more\" href=\"http:\/\/pchlitarggdansk.pl\/index.php\/regulamin-pchlego-targu-z-kufra\/\">Dowiedz si\u0119 wi\u0119cej<\/a><\/p>\n","protected":false},"author":1,"featured_media":0,"parent":0,"menu_order":0,"comment_status":"closed","ping_status":"closed","template":"","meta":{"footnotes":""},"class_list":["post-550","page","type-page","status-publish","hentry"],"yoast_head":"<!-- This site is optimized with the Yoast SEO plugin v26.9 - https:\/\/yoast.com\/product\/yoast-seo-wordpress\/ -->\n<title>Regulamin Targu &quot;Pchli Targ w Oliwie&quot; - Pchli Targ Gda\u0144sk<\/title>\n<meta name=\"description\" content=\"Jak to dzia\u0142a? To proste!\" \/>\n<meta name=\"robots\" content=\"index, follow, max-snippet:-1, max-image-preview:large, max-video-preview:-1\" \/>\n<link rel=\"canonical\" href=\"http:\/\/pchlitarggdansk.pl\/index.php\/regulamin-pchlego-targu-z-kufra\/\" \/>\n<meta property=\"og:locale\" content=\"pl_PL\" \/>\n<meta property=\"og:type\" content=\"article\" \/>\n<meta property=\"og:title\" content=\"Regulamin Targu &quot;Pchli Targ w Oliwie&quot; - Pchli Targ Gda\u0144sk\" \/>\n<meta property=\"og:description\" content=\"Jak to dzia\u0142a? To proste!\" \/>\n<meta property=\"og:url\" content=\"http:\/\/pchlitarggdansk.pl\/index.php\/regulamin-pchlego-targu-z-kufra\/\" \/>\n<meta property=\"og:site_name\" content=\"Pchli Targ Gda\u0144sk\" \/>\n<meta property=\"article:modified_time\" content=\"2026-02-15T15:36:06+00:00\" \/>\n<meta name=\"twitter:card\" content=\"summary_large_image\" \/>\n<meta name=\"twitter:label1\" content=\"Szacowany czas czytania\" \/>\n\t<meta name=\"twitter:data1\" content=\"6 minut\" \/>\n<script type=\"application\/ld+json\" class=\"yoast-schema-graph\">{\"@context\":\"https:\/\/schema.org\",\"@graph\":[{\"@type\":\"WebPage\",\"@id\":\"http:\/\/pchlitarggdansk.pl\/index.php\/regulamin-pchlego-targu-z-kufra\/\",\"url\":\"http:\/\/pchlitarggdansk.pl\/index.php\/regulamin-pchlego-targu-z-kufra\/\",\"name\":\"Regulamin Targu \\\"Pchli Targ w Oliwie\\\" - Pchli Targ Gda\u0144sk\",\"isPartOf\":{\"@id\":\"https:\/\/pchlitarggdansk.pl\/#website\"},\"datePublished\":\"2025-04-25T11:45:33+00:00\",\"dateModified\":\"2026-02-15T15:36:06+00:00\",\"description\":\"Jak to dzia\u0142a? To proste!\",\"breadcrumb\":{\"@id\":\"http:\/\/pchlitarggdansk.pl\/index.php\/regulamin-pchlego-targu-z-kufra\/#breadcrumb\"},\"inLanguage\":\"pl-PL\",\"potentialAction\":[{\"@type\":\"ReadAction\",\"target\":[\"http:\/\/pchlitarggdansk.pl\/index.php\/regulamin-pchlego-targu-z-kufra\/\"]}]},{\"@type\":\"BreadcrumbList\",\"@id\":\"http:\/\/pchlitarggdansk.pl\/index.php\/regulamin-pchlego-targu-z-kufra\/#breadcrumb\",\"itemListElement\":[{\"@type\":\"ListItem\",\"position\":1,\"name\":\"Strona g\u0142\u00f3wna\",\"item\":\"https:\/\/pchlitarggdansk.pl\/\"},{\"@type\":\"ListItem\",\"position\":2,\"name\":\"Regulamin Targu &#8222;Pchli Targ w Oliwie&#8221;\"}]},{\"@type\":\"WebSite\",\"@id\":\"https:\/\/pchlitarggdansk.pl\/#website\",\"url\":\"https:\/\/pchlitarggdansk.pl\/\",\"name\":\"Pchli Targ Gda\u0144sk\",\"description\":\"\",\"publisher\":{\"@id\":\"https:\/\/pchlitarggdansk.pl\/#organization\"},\"potentialAction\":[{\"@type\":\"SearchAction\",\"target\":{\"@type\":\"EntryPoint\",\"urlTemplate\":\"https:\/\/pchlitarggdansk.pl\/?s={search_term_string}\"},\"query-input\":{\"@type\":\"PropertyValueSpecification\",\"valueRequired\":true,\"valueName\":\"search_term_string\"}}],\"inLanguage\":\"pl-PL\"},{\"@type\":\"Organization\",\"@id\":\"https:\/\/pchlitarggdansk.pl\/#organization\",\"name\":\"Pchli Targ Gda\u0144sk\",\"url\":\"https:\/\/pchlitarggdansk.pl\/\",\"logo\":{\"@type\":\"ImageObject\",\"inLanguage\":\"pl-PL\",\"@id\":\"https:\/\/pchlitarggdansk.pl\/#\/schema\/logo\/image\/\",\"url\":\"http:\/\/pchlitarggdansk.pl\/wp-content\/uploads\/2025\/02\/cropped-LOGO-PCHLI-1.png\",\"contentUrl\":\"http:\/\/pchlitarggdansk.pl\/wp-content\/uploads\/2025\/02\/cropped-LOGO-PCHLI-1.png\",\"width\":1561,\"height\":728,\"caption\":\"Pchli Targ Gda\u0144sk\"},\"image\":{\"@id\":\"https:\/\/pchlitarggdansk.pl\/#\/schema\/logo\/image\/\"}}]}<\/script>\n<!-- \/ Yoast SEO plugin. -->","yoast_head_json":{"title":"Regulamin Targu \"Pchli Targ w Oliwie\" - Pchli Targ Gda\u0144sk","description":"Jak to dzia\u0142a? To proste!","robots":{"index":"index","follow":"follow","max-snippet":"max-snippet:-1","max-image-preview":"max-image-preview:large","max-video-preview":"max-video-preview:-1"},"canonical":"http:\/\/pchlitarggdansk.pl\/index.php\/regulamin-pchlego-targu-z-kufra\/","og_locale":"pl_PL","og_type":"article","og_title":"Regulamin Targu \"Pchli Targ w Oliwie\" - Pchli Targ Gda\u0144sk","og_description":"Jak to dzia\u0142a? To proste!","og_url":"http:\/\/pchlitarggdansk.pl\/index.php\/regulamin-pchlego-targu-z-kufra\/","og_site_name":"Pchli Targ Gda\u0144sk","article_modified_time":"2026-02-15T15:36:06+00:00","twitter_card":"summary_large_image","twitter_misc":{"Szacowany czas czytania":"6 minut"},"schema":{"@context":"https:\/\/schema.org","@graph":[{"@type":"WebPage","@id":"http:\/\/pchlitarggdansk.pl\/index.php\/regulamin-pchlego-targu-z-kufra\/","url":"http:\/\/pchlitarggdansk.pl\/index.php\/regulamin-pchlego-targu-z-kufra\/","name":"Regulamin Targu \"Pchli Targ w Oliwie\" - Pchli Targ Gda\u0144sk","isPartOf":{"@id":"https:\/\/pchlitarggdansk.pl\/#website"},"datePublished":"2025-04-25T11:45:33+00:00","dateModified":"2026-02-15T15:36:06+00:00","description":"Jak to dzia\u0142a? To proste!","breadcrumb":{"@id":"http:\/\/pchlitarggdansk.pl\/index.php\/regulamin-pchlego-targu-z-kufra\/#breadcrumb"},"inLanguage":"pl-PL","potentialAction":[{"@type":"ReadAction","target":["http:\/\/pchlitarggdansk.pl\/index.php\/regulamin-pchlego-targu-z-kufra\/"]}]},{"@type":"BreadcrumbList","@id":"http:\/\/pchlitarggdansk.pl\/index.php\/regulamin-pchlego-targu-z-kufra\/#breadcrumb","itemListElement":[{"@type":"ListItem","position":1,"name":"Strona g\u0142\u00f3wna","item":"https:\/\/pchlitarggdansk.pl\/"},{"@type":"ListItem","position":2,"name":"Regulamin Targu &#8222;Pchli Targ w Oliwie&#8221;"}]},{"@type":"WebSite","@id":"https:\/\/pchlitarggdansk.pl\/#website","url":"https:\/\/pchlitarggdansk.pl\/","name":"Pchli Targ Gda\u0144sk","description":"","publisher":{"@id":"https:\/\/pchlitarggdansk.pl\/#organization"},"potentialAction":[{"@type":"SearchAction","target":{"@type":"EntryPoint","urlTemplate":"https:\/\/pchlitarggdansk.pl\/?s={search_term_string}"},"query-input":{"@type":"PropertyValueSpecification","valueRequired":true,"valueName":"search_term_string"}}],"inLanguage":"pl-PL"},{"@type":"Organization","@id":"https:\/\/pchlitarggdansk.pl\/#organization","name":"Pchli Targ Gda\u0144sk","url":"https:\/\/pchlitarggdansk.pl\/","logo":{"@type":"ImageObject","inLanguage":"pl-PL","@id":"https:\/\/pchlitarggdansk.pl\/#\/schema\/logo\/image\/","url":"http:\/\/pchlitarggdansk.pl\/wp-content\/uploads\/2025\/02\/cropped-LOGO-PCHLI-1.png","contentUrl":"http:\/\/pchlitarggdansk.pl\/wp-content\/uploads\/2025\/02\/cropped-LOGO-PCHLI-1.png","width":1561,"height":728,"caption":"Pchli Targ Gda\u0144sk"},"image":{"@id":"https:\/\/pchlitarggdansk.pl\/#\/schema\/logo\/image\/"}}]}},"_links":{"self":[{"href":"http:\/\/pchlitarggdansk.pl\/index.php\/wp-json\/wp\/v2\/pages\/550","targetHints":{"allow":["GET"]}}],"collection":[{"href":"http:\/\/pchlitarggdansk.pl\/index.php\/wp-json\/wp\/v2\/pages"}],"about":[{"href":"http:\/\/pchlitarggdansk.pl\/index.php\/wp-json\/wp\/v2\/types\/page"}],"author":[{"embeddable":true,"href":"http:\/\/pchlitarggdansk.pl\/index.php\/wp-json\/wp\/v2\/users\/1"}],"replies":[{"embeddable":true,"href":"http:\/\/pchlitarggdansk.pl\/index.php\/wp-json\/wp\/v2\/comments?post=550"}],"version-history":[{"count":12,"href":"http:\/\/pchlitarggdansk.pl\/index.php\/wp-json\/wp\/v2\/pages\/550\/revisions"}],"predecessor-version":[{"id":613,"href":"http:\/\/pchlitarggdansk.pl\/index.php\/wp-json\/wp\/v2\/pages\/550\/revisions\/613"}],"wp:attachment":[{"href":"http:\/\/pchlitarggdansk.pl\/index.php\/wp-json\/wp\/v2\/media?parent=550"}],"curies":[{"name":"wp","href":"https:\/\/api.w.org\/{rel}","templated":true}]}}